{"id":94,"date":"2025-05-08T13:48:46","date_gmt":"2025-05-08T17:48:46","guid":{"rendered":"https:\/\/conference.aerialevolution.ca\/?page_id=94"},"modified":"2025-09-16T08:57:27","modified_gmt":"2025-09-16T12:57:27","slug":"sinscrire","status":"publish","type":"page","link":"https:\/\/conference.aerialevolution.ca\/fr\/sinscrire\/","title":{"rendered":"S&rsquo;inscrire"},"content":{"rendered":"<p>[et_pb_section fb_built=\u00a0\u00bb1&Prime; _builder_version=\u00a0\u00bb4.27.2&Prime; custom_margin=\u00a0\u00bb|0px||0px|false|false\u00a0\u00bb custom_padding=\u00a0\u00bb4px||6px|||\u00a0\u00bb locked=\u00a0\u00bboff\u00a0\u00bb global_colors_info=\u00a0\u00bb{}\u00a0\u00bb][et_pb_row _builder_version=\u00a0\u00bb4.27.2&Prime; background_size=\u00a0\u00bbinitial\u00a0\u00bb background_position=\u00a0\u00bbtop_left\u00a0\u00bb background_repeat=\u00a0\u00bbrepeat\u00a0\u00bb custom_margin=\u00a0\u00bb|0px||0px|false|false\u00a0\u00bb locked=\u00a0\u00bboff\u00a0\u00bb global_colors_info=\u00a0\u00bb{}\u00a0\u00bb][et_pb_column type=\u00a0\u00bb4_4&Prime; _builder_version=\u00a0\u00bb4.16&Prime; custom_padding=\u00a0\u00bb|||\u00a0\u00bb global_colors_info=\u00a0\u00bb{}\u00a0\u00bb custom_padding__hover=\u00a0\u00bb|||\u00a0\u00bb][et_pb_text _builder_version=\u00a0\u00bb4.27.2&Prime; _module_preset=\u00a0\u00bbdefault\u00a0\u00bb header_font=\u00a0\u00bb|||on|||||\u00a0\u00bb custom_margin=\u00a0\u00bb||21px|||\u00a0\u00bb custom_css_free_form=\u00a0\u00bbselector h1 {font-weight: 900;}\u00a0\u00bb locked=\u00a0\u00bboff\u00a0\u00bb global_colors_info=\u00a0\u00bb{%22gcid-60e3b797-4f17-4404-bb45-b4f678511dc3%22:%91%22text_text_color%22,%22text_text_color%22%93,%22gcid-495980bb-f295-47fb-996a-5b6e31889a08%22:%91%22header_text_color%22,%22header_text_color%22%93}\u00a0\u00bb]<\/p>\n<h1>Inscriptions<\/h1>\n<p>[\/et_pb_text][\/et_pb_column][\/et_pb_row][et_pb_row column_structure=\u00a0\u00bb1_2,1_2&Prime; _builder_version=\u00a0\u00bb4.27.2&Prime; _module_preset=\u00a0\u00bbdefault\u00a0\u00bb locked=\u00a0\u00bboff\u00a0\u00bb global_colors_info=\u00a0\u00bb{}\u00a0\u00bb][et_pb_column type=\u00a0\u00bb1_2&Prime; _builder_version=\u00a0\u00bb4.27.2&Prime; _module_preset=\u00a0\u00bbdefault\u00a0\u00bb global_colors_info=\u00a0\u00bb{}\u00a0\u00bb][et_pb_text _builder_version=\u00a0\u00bb4.27.2&Prime; _module_preset=\u00a0\u00bbdefault\u00a0\u00bb text_font_size=\u00a0\u00bb18px\u00a0\u00bb link_text_color=\u00a0\u00bbgcid-39c81d08-5382-4ece-8303-4f7ac6571ab0&Prime; global_colors_info=\u00a0\u00bb{%22gcid-60e3b797-4f17-4404-bb45-b4f678511dc3%22:%91%22text_text_color%22,%22text_text_color%22%93,%22gcid-495980bb-f295-47fb-996a-5b6e31889a08%22:%91%22header_text_color%22,%22header_text_color%22%93,%22gcid-39c81d08-5382-4ece-8303-4f7ac6571ab0%22:%91%22header_3_text_color%22,%22link_text_color%22%93}\u00a0\u00bb]<\/p>\n<p><strong><span style=\"font-size: 20px;\">Si vous souhaitez devenir membre et b\u00e9n\u00e9ficier des tarifs r\u00e9serv\u00e9s aux membres :\u00a0<\/span><\/strong><\/p>\n<p>[\/et_pb_text][et_pb_button button_url=\u00a0\u00bbhttps:\/\/www.aerialevolution.ca\/become-a-member\/\u00a0\u00bb url_new_window=\u00a0\u00bbon\u00a0\u00bb button_text=\u00a0\u00bbAdh\u00e9rez maintenant!\u00a0\u00bb _builder_version=\u00a0\u00bb4.27.2&Prime; _module_preset=\u00a0\u00bbdefault\u00a0\u00bb global_colors_info=\u00a0\u00bb{}\u00a0\u00bb][\/et_pb_button][et_pb_text disabled_on=\u00a0\u00bbon|on|on\u00a0\u00bb _builder_version=\u00a0\u00bb4.27.2&Prime; text_text_color=\u00a0\u00bb#FFFFFF\u00a0\u00bb link_text_color=\u00a0\u00bbgcid-39c81d08-5382-4ece-8303-4f7ac6571ab0&Prime; header_font=\u00a0\u00bb|800|||||||\u00a0\u00bb header_2_font=\u00a0\u00bb|700|||||||\u00a0\u00bb header_2_text_color=\u00a0\u00bbgcid-39c81d08-5382-4ece-8303-4f7ac6571ab0&Prime; header_4_font_size=\u00a0\u00bb20px\u00a0\u00bb header_4_letter_spacing=\u00a0\u00bb1px\u00a0\u00bb background_color=\u00a0\u00bbgcid-39c81d08-5382-4ece-8303-4f7ac6571ab0&Prime; background_size=\u00a0\u00bbinitial\u00a0\u00bb background_position=\u00a0\u00bbtop_left\u00a0\u00bb background_repeat=\u00a0\u00bbrepeat\u00a0\u00bb custom_margin=\u00a0\u00bb||23px|||\u00a0\u00bb custom_padding=\u00a0\u00bb20px|20px|9px|20px|false|true\u00a0\u00bb global_colors_info=\u00a0\u00bb{%22gcid-60e3b797-4f17-4404-bb45-b4f678511dc3%22:%91%22text_text_color%22%93,%22gcid-495980bb-f295-47fb-996a-5b6e31889a08%22:%91%22header_text_color%22,%22header_text_color%22,%22header_text_color%22,%22header_text_color%22,%22header_text_color%22%93,%22gcid-39c81d08-5382-4ece-8303-4f7ac6571ab0%22:%91%22header_3_text_color%22,%22header_2_text_color%22,%22link_text_color%22,%22background_color%22%93}\u00a0\u00bb disabled=\u00a0\u00bbon\u00a0\u00bb]<\/p>\n<h4>D\u00e9p\u00eachez-vous, les tarifs de pr\u00e9-inscription sont prolong\u00e9s jusqu\u2019au 15 septembre 2025!<\/h4>\n<p>[\/et_pb_text][\/et_pb_column][et_pb_column type=\u00a0\u00bb1_2&Prime; _builder_version=\u00a0\u00bb4.27.2&Prime; _module_preset=\u00a0\u00bbdefault\u00a0\u00bb background_color=\u00a0\u00bbgcid-495980bb-f295-47fb-996a-5b6e31889a08&Prime; custom_padding=\u00a0\u00bb20px||20px||true|false\u00a0\u00bb global_colors_info=\u00a0\u00bb{%22gcid-495980bb-f295-47fb-996a-5b6e31889a08%22:%91%22background_color%22%93}\u00a0\u00bb][et_pb_text _builder_version=\u00a0\u00bb4.27.2&Prime; text_text_color=\u00a0\u00bb#FFFFFF\u00a0\u00bb link_text_color=\u00a0\u00bbgcid-39c81d08-5382-4ece-8303-4f7ac6571ab0&Prime; header_font=\u00a0\u00bb|800|||||||\u00a0\u00bb header_2_font=\u00a0\u00bb|700|||||||\u00a0\u00bb header_2_text_color=\u00a0\u00bb#FFFFFF\u00a0\u00bb header_4_font_size=\u00a0\u00bb20px\u00a0\u00bb header_4_letter_spacing=\u00a0\u00bb1px\u00a0\u00bb background_enable_color=\u00a0\u00bboff\u00a0\u00bb background_size=\u00a0\u00bbinitial\u00a0\u00bb background_position=\u00a0\u00bbtop_left\u00a0\u00bb background_repeat=\u00a0\u00bbrepeat\u00a0\u00bb max_width=\u00a0\u00bb100%\u00a0\u00bb custom_margin=\u00a0\u00bb|20px||20px|false|true\u00a0\u00bb custom_padding=\u00a0\u00bb||||false|true\u00a0\u00bb global_colors_info=\u00a0\u00bb{%22gcid-60e3b797-4f17-4404-bb45-b4f678511dc3%22:%91%22text_text_color%22,%22text_text_color%22%93,%22gcid-495980bb-f295-47fb-996a-5b6e31889a08%22:%91%22header_text_color%22,%22header_text_color%22,%22header_text_color%22,%22header_text_color%22,%22header_text_color%22,%22header_text_color%22%93,%22gcid-39c81d08-5382-4ece-8303-4f7ac6571ab0%22:%91%22header_3_text_color%22,%22header_3_text_color%22,%22link_text_color%22,%22background_color%22%93}\u00a0\u00bb]<\/p>\n<h2>Convaincre son gestionnaire!<\/h2>\n<p>Vous vous demandez comment convaincre votre sup\u00e9rieur d&rsquo;acheter des billets? Nous avons tout ce qu&rsquo;il vous faut!<\/p>\n<p>[\/et_pb_text][et_pb_button button_url=\u00a0\u00bbhttps:\/\/conference.aerialevolution.ca\/wp-content\/uploads\/2025\/07\/AE25-Draft-Letter-in-Support-of-Attendance_FR-revisee.docx\u00a0\u00bb button_text=\u00a0\u00bbAcc\u00e9der \u00e0 la lettre d&rsquo;incitation\u00a0\u00bb _builder_version=\u00a0\u00bb4.27.2&Prime; _module_preset=\u00a0\u00bbdefault\u00a0\u00bb button_bg_color=\u00a0\u00bbgcid-8ccf9663-67b8-401d-b80d-e7ddb97add03&Prime; custom_margin=\u00a0\u00bb|20px||20px|false|true\u00a0\u00bb global_colors_info=\u00a0\u00bb{%22gcid-39c81d08-5382-4ece-8303-4f7ac6571ab0%22:%91%22header_3_text_color%22,%22header_3_text_color%22,%22link_text_color%22,%22background_color%22%93,%22gcid-60e3b797-4f17-4404-bb45-b4f678511dc3%22:%91%22button_bg_color__hover%22,%22text_text_color%22,%22text_text_color%22%93,%22gcid-495980bb-f295-47fb-996a-5b6e31889a08%22:%91%22header_text_color%22,%22header_text_color%22,%22header_text_color%22,%22header_text_color%22,%22header_text_color%22,%22header_text_color%22%93,%22gcid-8ccf9663-67b8-401d-b80d-e7ddb97add03%22:%91%22button_bg_color%22%93}\u00a0\u00bb][\/et_pb_button][\/et_pb_column][\/et_pb_row][\/et_pb_section]<\/p>\n","protected":false},"excerpt":{"rendered":"<p>Inscriptions Si vous souhaitez devenir membre et&#8230;<\/p>\n","protected":false},"author":1,"featured_media":0,"parent":0,"menu_order":0,"comment_status":"closed","ping_status":"closed","template":"templates\/template-registration.php","meta":{"_acf_changed":false,"_et_pb_use_builder":"on","_et_pb_old_content":"","_et_gb_content_width":"","_price":"","_stock":"","_tribe_ticket_header":"","_tribe_default_ticket_provider":"Tribe__Tickets_Plus__Commerce__WooCommerce__Main","_tribe_ticket_capacity":"0","_ticket_start_date":"","_ticket_end_date":"","_tribe_ticket_show_description":"","_tribe_ticket_show_not_going":false,"_tribe_ticket_use_global_stock":"","_tribe_ticket_global_stock_level":"","_global_stock_mode":"","_global_stock_cap":"","_tribe_rsvp_for_event":"","_tribe_ticket_going_count":"","_tribe_ticket_not_going_count":"","_tribe_tickets_list":"[]","_tribe_ticket_has_attendee_info_fields":false,"footnotes":"","_tec_slr_enabled":"","_tec_slr_layout":""},"class_list":["post-94","page","type-page","status-publish","hentry"],"acf":[],"ticketed":false,"_links":{"self":[{"href":"https:\/\/conference.aerialevolution.ca\/fr\/wp-json\/wp\/v2\/pages\/94","targetHints":{"allow":["GET"]}}],"collection":[{"href":"https:\/\/conference.aerialevolution.ca\/fr\/wp-json\/wp\/v2\/pages"}],"about":[{"href":"https:\/\/conference.aerialevolution.ca\/fr\/wp-json\/wp\/v2\/types\/page"}],"author":[{"embeddable":true,"href":"https:\/\/conference.aerialevolution.ca\/fr\/wp-json\/wp\/v2\/users\/1"}],"replies":[{"embeddable":true,"href":"https:\/\/conference.aerialevolution.ca\/fr\/wp-json\/wp\/v2\/comments?post=94"}],"version-history":[{"count":19,"href":"https:\/\/conference.aerialevolution.ca\/fr\/wp-json\/wp\/v2\/pages\/94\/revisions"}],"predecessor-version":[{"id":1946,"href":"https:\/\/conference.aerialevolution.ca\/fr\/wp-json\/wp\/v2\/pages\/94\/revisions\/1946"}],"wp:attachment":[{"href":"https:\/\/conference.aerialevolution.ca\/fr\/wp-json\/wp\/v2\/media?parent=94"}],"curies":[{"name":"wp","href":"https:\/\/api.w.org\/{rel}","templated":true}]}}