{"id":1448,"date":"2025-08-04T15:33:28","date_gmt":"2025-08-04T19:33:28","guid":{"rendered":"https:\/\/conference.aerialevolution.ca\/event-schedule\/"},"modified":"2025-09-11T18:41:13","modified_gmt":"2025-09-11T22:41:13","slug":"event-schedule","status":"publish","type":"page","link":"https:\/\/conference.aerialevolution.ca\/fr\/event-schedule\/","title":{"rendered":"Programmation de l&rsquo;\u00e9v\u00e9nement"},"content":{"rendered":"<p>[et_pb_section fb_built=\u00a0\u00bb1&Prime; admin_label=\u00a0\u00bbsection\u00a0\u00bb _builder_version=\u00a0\u00bb4.16&Prime; global_colors_info=\u00a0\u00bb{}\u00a0\u00bb][et_pb_row admin_label=\u00a0\u00bbrow\u00a0\u00bb _builder_version=\u00a0\u00bb4.16&Prime; background_size=\u00a0\u00bbinitial\u00a0\u00bb background_position=\u00a0\u00bbtop_left\u00a0\u00bb background_repeat=\u00a0\u00bbrepeat\u00a0\u00bb global_colors_info=\u00a0\u00bb{}\u00a0\u00bb][et_pb_column type=\u00a0\u00bb4_4&Prime; _builder_version=\u00a0\u00bb4.16&Prime; custom_padding=\u00a0\u00bb|||\u00a0\u00bb global_colors_info=\u00a0\u00bb{}\u00a0\u00bb custom_padding__hover=\u00a0\u00bb|||\u00a0\u00bb][et_pb_text admin_label=\u00a0\u00bbText\u00a0\u00bb _builder_version=\u00a0\u00bb4.27.2&Prime; background_size=\u00a0\u00bbinitial\u00a0\u00bb background_position=\u00a0\u00bbtop_left\u00a0\u00bb background_repeat=\u00a0\u00bbrepeat\u00a0\u00bb global_colors_info=\u00a0\u00bb{}\u00a0\u00bb]<\/p>\n<h1>Programmation de l&rsquo;\u00e9v\u00e9nement<\/h1>\n<p>Vous trouverez ci-dessous la programmation de la Conf\u00e9rence 2025 de l\u2019AEAC. Veuillez noter que cette page sera mise \u00e0 jour fr\u00e9quemment avec des d\u00e9tails suppl\u00e9mentaires. Nous vous remercions de votre patience jusqu\u2019\u00e0 la publication de l\u2019horaire final.<\/p>\n<p>[\/et_pb_text][\/et_pb_column][\/et_pb_row][\/et_pb_section]<\/p>\n","protected":false},"excerpt":{"rendered":"<p>Programmation de l&rsquo;\u00e9v\u00e9nement Vous trouverez&#8230;<\/p>\n","protected":false},"author":1,"featured_media":0,"parent":0,"menu_order":0,"comment_status":"closed","ping_status":"closed","template":"templates\/template-event-schedule.php","meta":{"_acf_changed":false,"_et_pb_use_builder":"on","_et_pb_old_content":"<h1>Programmation de l'\u00e9v\u00e9nement<\/h1><p>Vous trouverez ci-dessous la programmation de la Conf\u00e9rence 2025 de l\u2019AEAC. Veuillez noter que cette page sera mise \u00e0 jour fr\u00e9quemment avec des d\u00e9tails suppl\u00e9mentaires. Nous vous remercions de votre patience jusqu\u2019\u00e0 la publication de l\u2019horaire final.<\/p>","_et_gb_content_width":"","_price":"","_stock":"","_tribe_ticket_header":"","_tribe_default_ticket_provider":"Tribe__Tickets_Plus__Commerce__WooCommerce__Main","_tribe_ticket_capacity":"0","_ticket_start_date":"","_ticket_end_date":"","_tribe_ticket_show_description":"","_tribe_ticket_show_not_going":false,"_tribe_ticket_use_global_stock":"","_tribe_ticket_global_stock_level":"","_global_stock_mode":"","_global_stock_cap":"","_tribe_rsvp_for_event":"","_tribe_ticket_going_count":"","_tribe_ticket_not_going_count":"","_tribe_tickets_list":"[]","_tribe_ticket_has_attendee_info_fields":false,"footnotes":"","_tec_slr_enabled":"","_tec_slr_layout":""},"class_list":["post-1448","page","type-page","status-publish","hentry"],"acf":[],"ticketed":false,"_links":{"self":[{"href":"https:\/\/conference.aerialevolution.ca\/fr\/wp-json\/wp\/v2\/pages\/1448","targetHints":{"allow":["GET"]}}],"collection":[{"href":"https:\/\/conference.aerialevolution.ca\/fr\/wp-json\/wp\/v2\/pages"}],"about":[{"href":"https:\/\/conference.aerialevolution.ca\/fr\/wp-json\/wp\/v2\/types\/page"}],"author":[{"embeddable":true,"href":"https:\/\/conference.aerialevolution.ca\/fr\/wp-json\/wp\/v2\/users\/1"}],"replies":[{"embeddable":true,"href":"https:\/\/conference.aerialevolution.ca\/fr\/wp-json\/wp\/v2\/comments?post=1448"}],"version-history":[{"count":10,"href":"https:\/\/conference.aerialevolution.ca\/fr\/wp-json\/wp\/v2\/pages\/1448\/revisions"}],"predecessor-version":[{"id":1893,"href":"https:\/\/conference.aerialevolution.ca\/fr\/wp-json\/wp\/v2\/pages\/1448\/revisions\/1893"}],"wp:attachment":[{"href":"https:\/\/conference.aerialevolution.ca\/fr\/wp-json\/wp\/v2\/media?parent=1448"}],"curies":[{"name":"wp","href":"https:\/\/api.w.org\/{rel}","templated":true}]}}