{"id":1414,"date":"2025-07-25T14:17:00","date_gmt":"2025-07-25T18:17:00","guid":{"rendered":"https:\/\/conference.aerialevolution.ca\/academia\/call-for-poster-presentation-submission-guidelines\/"},"modified":"2025-08-28T14:34:53","modified_gmt":"2025-08-28T18:34:53","slug":"call-for-poster-presentation-submission-guidelines","status":"publish","type":"page","link":"https:\/\/conference.aerialevolution.ca\/fr\/academia\/call-for-poster-presentation-submission-guidelines\/","title":{"rendered":"Appel \u00e0 communications pour des pr\u00e9sentations d&rsquo;affiches : consignes de soumission"},"content":{"rendered":"<p>[et_pb_section fb_built=\u00a0\u00bb1&Prime; _builder_version=\u00a0\u00bb4.27.2&Prime; _module_preset=\u00a0\u00bbdefault\u00a0\u00bb custom_padding=\u00a0\u00bb||20px|||\u00a0\u00bb global_colors_info=\u00a0\u00bb{}\u00a0\u00bb][et_pb_row _builder_version=\u00a0\u00bb4.27.2&Prime; _module_preset=\u00a0\u00bbdefault\u00a0\u00bb custom_padding=\u00a0\u00bb9px||21px|||\u00a0\u00bb locked=\u00a0\u00bboff\u00a0\u00bb global_colors_info=\u00a0\u00bb{}\u00a0\u00bb][et_pb_column type=\u00a0\u00bb4_4&Prime; _builder_version=\u00a0\u00bb4.27.2&Prime; _module_preset=\u00a0\u00bbdefault\u00a0\u00bb global_colors_info=\u00a0\u00bb{}\u00a0\u00bb][et_pb_text _builder_version=\u00a0\u00bb4.27.2&Prime; _module_preset=\u00a0\u00bbdefault\u00a0\u00bb link_text_color=\u00a0\u00bbgcid-39c81d08-5382-4ece-8303-4f7ac6571ab0&Prime; header_2_text_color=\u00a0\u00bbgcid-39c81d08-5382-4ece-8303-4f7ac6571ab0&Prime; hover_enabled=\u00a0\u00bb0&Prime; custom_css_free_form=\u00a0\u00bbselector h1 {font-weight: 900;}\u00a0\u00bb global_colors_info=\u00a0\u00bb{%22gcid-60e3b797-4f17-4404-bb45-b4f678511dc3%22:%91%22text_text_color%22,%22text_text_color%22,%22text_text_color%22,%22text_text_color%22%93,%22gcid-495980bb-f295-47fb-996a-5b6e31889a08%22:%91%22header_text_color%22,%22header_text_color%22,%22header_text_color%22,%22header_text_color%22%93,%22gcid-39c81d08-5382-4ece-8303-4f7ac6571ab0%22:%91%22header_3_text_color%22,%22header_2_text_color%22,%22link_text_color%22%93}\u00a0\u00bb sticky_enabled=\u00a0\u00bb0&Prime;]<\/p>\n<h1>Appel \u00e0 communications pour des pr\u00e9sentations d&rsquo;affiches : consignes de soumission<\/h1>\n<p>Afin de garantir une pr\u00e9sentation efficace de vos travaux de recherche, veuillez respecter les directives suivantes pour toutes les soumissions d&rsquo;affiches. L&rsquo;objectif d&rsquo;une affiche est d&rsquo;\u00eatre un outil de r\u00e9seautage visuel qui communique de mani\u00e8re claire et concise vos travaux \u00e0 un large public.<\/p>\n<p>&nbsp;<\/p>\n<div class=\"et_pb_row et_pb_row_0\">\n<div class=\"et_pb_column et_pb_column_4_4 et_pb_column_0  et_pb_css_mix_blend_mode_passthrough et-last-child\">\n<div class=\"et_pb_module et_pb_text et_pb_text_0  et_pb_text_align_left et_pb_bg_layout_light\">\n<div class=\"et_pb_text_inner\">\n<p>Tous les r\u00e9sum\u00e9s des pr\u00e9sentations orales et par affiches doivent \u00eatre envoy\u00e9s \u00e0 <a href=\"mailto:sarah.graham@aerialevolution.ca\">sarah.graham@aerialevolution.ca<\/a>.<\/p>\n<\/div>\n<\/div>\n<\/div>\n<\/div>\n<p>[\/et_pb_text][et_pb_text _builder_version=\u00a0\u00bb4.27.2&Prime; _module_preset=\u00a0\u00bbdefault\u00a0\u00bb header_3_text_color=\u00a0\u00bbgcid-495980bb-f295-47fb-996a-5b6e31889a08&Prime; custom_margin=\u00a0\u00bb||-7px|||\u00a0\u00bb custom_padding=\u00a0\u00bb30px|30px|30px|30px|true|true\u00a0\u00bb hover_enabled=\u00a0\u00bb0&Prime; border_width_all=\u00a0\u00bb3px\u00a0\u00bb border_color_all=\u00a0\u00bbgcid-495980bb-f295-47fb-996a-5b6e31889a08&Prime; locked=\u00a0\u00bboff\u00a0\u00bb global_colors_info=\u00a0\u00bb{%22gcid-60e3b797-4f17-4404-bb45-b4f678511dc3%22:%91%22text_text_color%22,%22text_text_color%22,%22text_text_color%22%93,%22gcid-495980bb-f295-47fb-996a-5b6e31889a08%22:%91%22header_text_color%22,%22header_3_text_color%22,%22border_color_all%22%93,%22gcid-39c81d08-5382-4ece-8303-4f7ac6571ab0%22:%91%22header_3_text_color%22%93}\u00a0\u00bb sticky_enabled=\u00a0\u00bb0&Prime;]<\/p>\n<h3>Dates cl\u00e9s et d\u00e9tails<\/h3>\n<ul>\n<li>Date limite : 15 septembre 2025<\/li>\n<li>Exigences cl\u00e9s : Soumission via le portail g\u00e9n\u00e9ral des r\u00e9sum\u00e9s<\/li>\n<li>Prix : $350<\/li>\n<li>Date de notification\/annonce : 1<sup>er<\/sup> octobre 2025<\/li>\n<\/ul>\n<p>[\/et_pb_text][\/et_pb_column][\/et_pb_row][et_pb_row column_structure=\u00a0\u00bb1_2,1_2&Prime; _builder_version=\u00a0\u00bb4.27.2&Prime; _module_preset=\u00a0\u00bbdefault\u00a0\u00bb custom_padding=\u00a0\u00bb||1px|||\u00a0\u00bb locked=\u00a0\u00bboff\u00a0\u00bb global_colors_info=\u00a0\u00bb{}\u00a0\u00bb][et_pb_column type=\u00a0\u00bb1_2&Prime; _builder_version=\u00a0\u00bb4.27.2&Prime; _module_preset=\u00a0\u00bbdefault\u00a0\u00bb global_colors_info=\u00a0\u00bb{}\u00a0\u00bb][et_pb_text _builder_version=\u00a0\u00bb4.27.2&Prime; _module_preset=\u00a0\u00bbdefault\u00a0\u00bb link_text_color=\u00a0\u00bbgcid-39c81d08-5382-4ece-8303-4f7ac6571ab0&Prime; header_2_text_color=\u00a0\u00bbgcid-39c81d08-5382-4ece-8303-4f7ac6571ab0&Prime; hover_enabled=\u00a0\u00bb0&Prime; custom_css_free_form=\u00a0\u00bbselector h1 {font-weight: 900;}\u00a0\u00bb global_colors_info=\u00a0\u00bb{%22gcid-60e3b797-4f17-4404-bb45-b4f678511dc3%22:%91%22text_text_color%22,%22text_text_color%22,%22text_text_color%22,%22text_text_color%22%93,%22gcid-495980bb-f295-47fb-996a-5b6e31889a08%22:%91%22header_text_color%22,%22header_text_color%22,%22header_text_color%22,%22header_text_color%22%93,%22gcid-39c81d08-5382-4ece-8303-4f7ac6571ab0%22:%91%22header_3_text_color%22,%22header_2_text_color%22,%22link_text_color%22%93}\u00a0\u00bb sticky_enabled=\u00a0\u00bb0&Prime;]<\/p>\n<h2>Dimensions et format de l&rsquo;affiche<\/h2>\n<ul>\n<li>Le format des affiches doit \u00eatre A0 portrait (841 mm de largeur x 1189 mm de hauteur). Il s&rsquo;agit d&rsquo;un format standard utilis\u00e9 dans de nombreuses conf\u00e9rences techniques et robotiques.<\/li>\n<li>Impression : les pr\u00e9sentateurs sont responsables de l&rsquo;impression et du transport de leurs affiches jusqu&rsquo;au lieu de la conf\u00e9rence. Aucun service d&rsquo;impression ne sera disponible sur place.<\/li>\n<li>Fixation : le mat\u00e9riel de fixation (bandes adh\u00e9sives ou punaises, par exemple) sera fourni sur place.<\/li>\n<\/ul>\n<h2>Conception et mise en page<\/h2>\n<ul>\n<li>Flux logique : organisez votre contenu dans un ordre logique, g\u00e9n\u00e9ralement en colonnes \u00e0 lire de haut en bas, puis de gauche \u00e0 droite. Cela permet \u00e0 plusieurs personnes de consulter votre affiche simultan\u00e9ment.<\/li>\n<li>Structure : Divisez votre affiche en sections claires avec des en-t\u00eates. Une structure courante comprend :\n<ul>\n<li>Titre, auteur(s) et affiliations<\/li>\n<li>Introduction\/Contexte<\/li>\n<li>M\u00e9thodes<\/li>\n<li>R\u00e9sultats<\/li>\n<li>Conclusions\/Orientations futures<\/li>\n<li>Remerciements et r\u00e9f\u00e9rences (en caract\u00e8res plus petits)<\/li>\n<\/ul>\n<\/li>\n<li>Attrait visuel : utilisez une mise en page \u00e9pur\u00e9e avec beaucoup d&rsquo;espace blanc pour \u00e9viter un aspect encombr\u00e9. Un seul graphique grand format et percutant peut \u00eatre efficace pour attirer les participants vers votre affiche. Utilisez les couleurs de mani\u00e8re strat\u00e9gique pour faciliter la compr\u00e9hension, mais soyez attentif au contraste et au daltonisme.<\/li>\n<\/ul>\n<p>[\/et_pb_text][\/et_pb_column][et_pb_column type=\u00a0\u00bb1_2&Prime; _builder_version=\u00a0\u00bb4.27.2&Prime; _module_preset=\u00a0\u00bbdefault\u00a0\u00bb background_color=\u00a0\u00bbgcid-09eaab5d-dfed-4f1a-b4bd-6c4a4f7a1414&Prime; custom_padding=\u00a0\u00bb20px|20px|20px|20px|true|true\u00a0\u00bb global_colors_info=\u00a0\u00bb{%22gcid-09eaab5d-dfed-4f1a-b4bd-6c4a4f7a1414%22:%91%22background_color%22%93}\u00a0\u00bb][et_pb_text _builder_version=\u00a0\u00bb4.27.2&Prime; _module_preset=\u00a0\u00bbdefault\u00a0\u00bb header_3_text_color=\u00a0\u00bbgcid-495980bb-f295-47fb-996a-5b6e31889a08&Prime; custom_margin=\u00a0\u00bb||-7px|||\u00a0\u00bb hover_enabled=\u00a0\u00bb0&Prime; global_colors_info=\u00a0\u00bb{%22gcid-60e3b797-4f17-4404-bb45-b4f678511dc3%22:%91%22text_text_color%22,%22text_text_color%22%93,%22gcid-495980bb-f295-47fb-996a-5b6e31889a08%22:%91%22header_text_color%22,%22header_3_text_color%22%93}\u00a0\u00bb sticky_enabled=\u00a0\u00bb0&Prime;]<\/p>\n<h3>Contenu et lisibilit\u00e9<\/h3>\n<ul>\n<li>Concision : votre affiche doit r\u00e9sumer vos principales conclusions. Le nombre total de mots doit \u00eatre compris entre 300 et 800. Utilisez des puces pour transmettre efficacement les informations.<\/li>\n<li>Police et taille du texte : tout le texte doit \u00eatre facilement lisible \u00e0 une distance de 3 \u00e0 6 pieds.\n<ul>\n<li>Titre : police de 80 \u00e0 120 points.<\/li>\n<li>En-t\u00eates : police de 50 \u00e0 70 points.<\/li>\n<li>Corps du texte : police d&rsquo;au moins 24 points.<\/li>\n<\/ul>\n<\/li>\n<li>Clart\u00e9 : utilisez des polices simples et lisibles (par exemple, Arial, Helvetica, Times New Roman) et \u00e9vitez d&rsquo;utiliser plus de deux ou trois polices diff\u00e9rentes dans l&rsquo;ensemble de l&rsquo;affiche.<\/li>\n<\/ul>\n<p>[\/et_pb_text][\/et_pb_column][\/et_pb_row][et_pb_row _builder_version=\u00a0\u00bb4.27.2&Prime; _module_preset=\u00a0\u00bbdefault\u00a0\u00bb global_colors_info=\u00a0\u00bb{}\u00a0\u00bb][et_pb_column type=\u00a0\u00bb4_4&Prime; _builder_version=\u00a0\u00bb4.27.2&Prime; _module_preset=\u00a0\u00bbdefault\u00a0\u00bb global_colors_info=\u00a0\u00bb{}\u00a0\u00bb][\/et_pb_column][\/et_pb_row][\/et_pb_section]<\/p>\n","protected":false},"excerpt":{"rendered":"<p>Appel \u00e0 communications pour des pr\u00e9sentations&#8230;<\/p>\n","protected":false},"author":2,"featured_media":0,"parent":278,"menu_order":0,"comment_status":"closed","ping_status":"closed","template":"","meta":{"_acf_changed":false,"_et_pb_use_builder":"on","_et_pb_old_content":"","_et_gb_content_width":"","_price":"","_stock":"","_tribe_ticket_header":"","_tribe_default_ticket_provider":"Tribe__Tickets_Plus__Commerce__WooCommerce__Main","_tribe_ticket_capacity":"0","_ticket_start_date":"","_ticket_end_date":"","_tribe_ticket_show_description":"","_tribe_ticket_show_not_going":false,"_tribe_ticket_use_global_stock":"","_tribe_ticket_global_stock_level":"","_global_stock_mode":"","_global_stock_cap":"","_tribe_rsvp_for_event":"","_tribe_ticket_going_count":"","_tribe_ticket_not_going_count":"","_tribe_tickets_list":"[]","_tribe_ticket_has_attendee_info_fields":false,"footnotes":"","_tec_slr_enabled":"","_tec_slr_layout":""},"class_list":["post-1414","page","type-page","status-publish","hentry"],"acf":[],"ticketed":false,"_links":{"self":[{"href":"https:\/\/conference.aerialevolution.ca\/fr\/wp-json\/wp\/v2\/pages\/1414","targetHints":{"allow":["GET"]}}],"collection":[{"href":"https:\/\/conference.aerialevolution.ca\/fr\/wp-json\/wp\/v2\/pages"}],"about":[{"href":"https:\/\/conference.aerialevolution.ca\/fr\/wp-json\/wp\/v2\/types\/page"}],"author":[{"embeddable":true,"href":"https:\/\/conference.aerialevolution.ca\/fr\/wp-json\/wp\/v2\/users\/2"}],"replies":[{"embeddable":true,"href":"https:\/\/conference.aerialevolution.ca\/fr\/wp-json\/wp\/v2\/comments?post=1414"}],"version-history":[{"count":2,"href":"https:\/\/conference.aerialevolution.ca\/fr\/wp-json\/wp\/v2\/pages\/1414\/revisions"}],"predecessor-version":[{"id":1417,"href":"https:\/\/conference.aerialevolution.ca\/fr\/wp-json\/wp\/v2\/pages\/1414\/revisions\/1417"}],"up":[{"embeddable":true,"href":"https:\/\/conference.aerialevolution.ca\/fr\/wp-json\/wp\/v2\/pages\/278"}],"wp:attachment":[{"href":"https:\/\/conference.aerialevolution.ca\/fr\/wp-json\/wp\/v2\/media?parent=1414"}],"curies":[{"name":"wp","href":"https:\/\/api.w.org\/{rel}","templated":true}]}}