{"id":1407,"date":"2025-07-25T14:12:32","date_gmt":"2025-07-25T18:12:32","guid":{"rendered":"https:\/\/conference.aerialevolution.ca\/academia\/technical-presentations-at-the-conference-submission-guidelines\/"},"modified":"2025-08-28T14:22:39","modified_gmt":"2025-08-28T18:22:39","slug":"technical-presentations-at-the-conference-submission-guidelines","status":"publish","type":"page","link":"https:\/\/conference.aerialevolution.ca\/fr\/academia\/technical-presentations-at-the-conference-submission-guidelines\/","title":{"rendered":"Pr\u00e9sentations techniques lors de la conf\u00e9rence : consignes de soumission"},"content":{"rendered":"<p>[et_pb_section fb_built=\u00a0\u00bb1&Prime; _builder_version=\u00a0\u00bb4.27.2&Prime; _module_preset=\u00a0\u00bbdefault\u00a0\u00bb custom_padding=\u00a0\u00bb||20px|||\u00a0\u00bb locked=\u00a0\u00bboff\u00a0\u00bb global_colors_info=\u00a0\u00bb{}\u00a0\u00bb][et_pb_row _builder_version=\u00a0\u00bb4.27.2&Prime; _module_preset=\u00a0\u00bbdefault\u00a0\u00bb custom_padding=\u00a0\u00bb9px||21px|||\u00a0\u00bb locked=\u00a0\u00bboff\u00a0\u00bb global_colors_info=\u00a0\u00bb{}\u00a0\u00bb][et_pb_column type=\u00a0\u00bb4_4&Prime; _builder_version=\u00a0\u00bb4.27.2&Prime; _module_preset=\u00a0\u00bbdefault\u00a0\u00bb global_colors_info=\u00a0\u00bb{}\u00a0\u00bb][et_pb_text _builder_version=\u00a0\u00bb4.27.2&Prime; _module_preset=\u00a0\u00bbdefault\u00a0\u00bb link_text_color=\u00a0\u00bbgcid-39c81d08-5382-4ece-8303-4f7ac6571ab0&Prime; header_2_text_color=\u00a0\u00bbgcid-39c81d08-5382-4ece-8303-4f7ac6571ab0&Prime; custom_css_free_form=\u00a0\u00bbselector h1 {font-weight: 900;}\u00a0\u00bb global_colors_info=\u00a0\u00bb{%22gcid-60e3b797-4f17-4404-bb45-b4f678511dc3%22:%91%22text_text_color%22,%22text_text_color%22,%22text_text_color%22,%22text_text_color%22%93,%22gcid-495980bb-f295-47fb-996a-5b6e31889a08%22:%91%22header_text_color%22,%22header_text_color%22,%22header_text_color%22,%22header_text_color%22%93,%22gcid-39c81d08-5382-4ece-8303-4f7ac6571ab0%22:%91%22header_3_text_color%22,%22header_2_text_color%22,%22link_text_color%22%93}\u00a0\u00bb]<\/p>\n<h1>Appel \u00e0 communications pour les pr\u00e9sentations techniques lors de la conf\u00e9rence : consignes de soumission<\/h1>\n<p>&nbsp;<\/p>\n<p>Tous les r\u00e9sum\u00e9s des pr\u00e9sentations orales et affich\u00e9es doivent \u00eatre envoy\u00e9s \u00e0 l&rsquo;adresse courriel suivante : <a href=\"mailto:sarah.graham@aerialevolution.ca\">sarah.graham@aerialevolution.ca<\/a>.<\/p>\n<p>[\/et_pb_text][\/et_pb_column][\/et_pb_row][et_pb_row column_structure=\u00a0\u00bb1_2,1_2&Prime; _builder_version=\u00a0\u00bb4.27.2&Prime; _module_preset=\u00a0\u00bbdefault\u00a0\u00bb custom_padding=\u00a0\u00bb||1px|||\u00a0\u00bb locked=\u00a0\u00bboff\u00a0\u00bb global_colors_info=\u00a0\u00bb{}\u00a0\u00bb][et_pb_column type=\u00a0\u00bb1_2&Prime; _builder_version=\u00a0\u00bb4.27.2&Prime; _module_preset=\u00a0\u00bbdefault\u00a0\u00bb global_colors_info=\u00a0\u00bb{}\u00a0\u00bb][et_pb_text _builder_version=\u00a0\u00bb4.27.2&Prime; _module_preset=\u00a0\u00bbdefault\u00a0\u00bb link_text_color=\u00a0\u00bbgcid-39c81d08-5382-4ece-8303-4f7ac6571ab0&Prime; header_2_text_color=\u00a0\u00bbgcid-39c81d08-5382-4ece-8303-4f7ac6571ab0&Prime; hover_enabled=\u00a0\u00bb0&Prime; custom_css_free_form=\u00a0\u00bbselector h1 {font-weight: 900;}\u00a0\u00bb global_colors_info=\u00a0\u00bb{%22gcid-60e3b797-4f17-4404-bb45-b4f678511dc3%22:%91%22text_text_color%22,%22text_text_color%22,%22text_text_color%22,%22text_text_color%22%93,%22gcid-495980bb-f295-47fb-996a-5b6e31889a08%22:%91%22header_text_color%22,%22header_text_color%22,%22header_text_color%22,%22header_text_color%22%93,%22gcid-39c81d08-5382-4ece-8303-4f7ac6571ab0%22:%91%22header_3_text_color%22,%22header_2_text_color%22,%22link_text_color%22%93}\u00a0\u00bb sticky_enabled=\u00a0\u00bb0&Prime;]<\/p>\n<h2>Format du r\u00e9sum\u00e9<\/h2>\n<ul>\n<li>Les soumissions doivent \u00eatre r\u00e9dig\u00e9es en anglais ou en fran\u00e7ais.<\/li>\n<li>Les r\u00e9sum\u00e9s ne doivent pas exc\u00e9der<strong> 300 mots.<\/strong><\/li>\n<li>Le r\u00e9sum\u00e9 doit \u00eatre structur\u00e9 de mani\u00e8re \u00e0 inclure :\n<ul>\n<li><strong>Objectifs :<\/strong> \u00e9nonc\u00e9 clair des objectifs sp\u00e9cifiques du travail.<\/li>\n<li><strong>M\u00e9thodologie :<\/strong> br\u00e8ve description des m\u00e9thodes et proc\u00e9dures utilis\u00e9es.<\/li>\n<li><strong>R\u00e9sultats :<\/strong> une synth\u00e8se des conclusions principales.<\/li>\n<li><strong>Conclusions :<\/strong> une d\u00e9claration sur la signification et les implications des r\u00e9sultats.<\/li>\n<\/ul>\n<\/li>\n<li>Lors de votre soumission, veuillez indiquer votre pr\u00e9f\u00e9rence pour une <strong>pr\u00e9sentation orale<\/strong> ou d&rsquo;une <strong>pr\u00e9sentation d&rsquo;affiche<\/strong>. Le comit\u00e9 du programme prendra la d\u00e9cision finale.<\/li>\n<\/ul>\n<p>[\/et_pb_text][\/et_pb_column][et_pb_column type=\u00a0\u00bb1_2&Prime; _builder_version=\u00a0\u00bb4.27.2&Prime; _module_preset=\u00a0\u00bbdefault\u00a0\u00bb background_color=\u00a0\u00bbgcid-09eaab5d-dfed-4f1a-b4bd-6c4a4f7a1414&Prime; custom_padding=\u00a0\u00bb20px|20px|20px|20px|true|true\u00a0\u00bb global_colors_info=\u00a0\u00bb{%22gcid-09eaab5d-dfed-4f1a-b4bd-6c4a4f7a1414%22:%91%22background_color%22%93}\u00a0\u00bb][et_pb_text _builder_version=\u00a0\u00bb4.27.2&Prime; _module_preset=\u00a0\u00bbdefault\u00a0\u00bb header_3_text_color=\u00a0\u00bbgcid-495980bb-f295-47fb-996a-5b6e31889a08&Prime; custom_margin=\u00a0\u00bb||-7px|||\u00a0\u00bb global_colors_info=\u00a0\u00bb{%22gcid-60e3b797-4f17-4404-bb45-b4f678511dc3%22:%91%22text_text_color%22,%22text_text_color%22%93,%22gcid-495980bb-f295-47fb-996a-5b6e31889a08%22:%91%22header_text_color%22,%22header_3_text_color%22%93}\u00a0\u00bb]<\/p>\n<h3>Dates importantes et d\u00e9tails<\/h3>\n<ul>\n<li>Date limite : 15 septembre 2025<\/li>\n<li>Exigences cl\u00e9s : Un r\u00e9sum\u00e9 de 300 mots soumis via le portail en ligne.<\/li>\n<li>Date de notification\/annonce : 1<sup>er<\/sup> octobre 2025<\/li>\n<\/ul>\n<p>[\/et_pb_text][\/et_pb_column][\/et_pb_row][\/et_pb_section]<\/p>\n","protected":false},"excerpt":{"rendered":"<p>Appel \u00e0 communications pour les pr\u00e9sentations&#8230;<\/p>\n","protected":false},"author":2,"featured_media":0,"parent":278,"menu_order":0,"comment_status":"closed","ping_status":"closed","template":"","meta":{"_acf_changed":false,"_et_pb_use_builder":"on","_et_pb_old_content":"","_et_gb_content_width":"","_price":"","_stock":"","_tribe_ticket_header":"","_tribe_default_ticket_provider":"Tribe__Tickets_Plus__Commerce__WooCommerce__Main","_tribe_ticket_capacity":"0","_ticket_start_date":"","_ticket_end_date":"","_tribe_ticket_show_description":"","_tribe_ticket_show_not_going":false,"_tribe_ticket_use_global_stock":"","_tribe_ticket_global_stock_level":"","_global_stock_mode":"","_global_stock_cap":"","_tribe_rsvp_for_event":"","_tribe_ticket_going_count":"","_tribe_ticket_not_going_count":"","_tribe_tickets_list":"[]","_tribe_ticket_has_attendee_info_fields":false,"footnotes":"","_tec_slr_enabled":"","_tec_slr_layout":""},"class_list":["post-1407","page","type-page","status-publish","hentry"],"acf":[],"ticketed":false,"_links":{"self":[{"href":"https:\/\/conference.aerialevolution.ca\/fr\/wp-json\/wp\/v2\/pages\/1407","targetHints":{"allow":["GET"]}}],"collection":[{"href":"https:\/\/conference.aerialevolution.ca\/fr\/wp-json\/wp\/v2\/pages"}],"about":[{"href":"https:\/\/conference.aerialevolution.ca\/fr\/wp-json\/wp\/v2\/types\/page"}],"author":[{"embeddable":true,"href":"https:\/\/conference.aerialevolution.ca\/fr\/wp-json\/wp\/v2\/users\/2"}],"replies":[{"embeddable":true,"href":"https:\/\/conference.aerialevolution.ca\/fr\/wp-json\/wp\/v2\/comments?post=1407"}],"version-history":[{"count":3,"href":"https:\/\/conference.aerialevolution.ca\/fr\/wp-json\/wp\/v2\/pages\/1407\/revisions"}],"predecessor-version":[{"id":1412,"href":"https:\/\/conference.aerialevolution.ca\/fr\/wp-json\/wp\/v2\/pages\/1407\/revisions\/1412"}],"up":[{"embeddable":true,"href":"https:\/\/conference.aerialevolution.ca\/fr\/wp-json\/wp\/v2\/pages\/278"}],"wp:attachment":[{"href":"https:\/\/conference.aerialevolution.ca\/fr\/wp-json\/wp\/v2\/media?parent=1407"}],"curies":[{"name":"wp","href":"https:\/\/api.w.org\/{rel}","templated":true}]}}